{"id":16,"date":"2025-02-20T12:24:10","date_gmt":"2025-02-20T12:24:10","guid":{"rendered":"https:\/\/www.danafid.ch\/?page_id=16"},"modified":"2025-02-20T12:24:12","modified_gmt":"2025-02-20T12:24:12","slug":"home-2","status":"publish","type":"page","link":"https:\/\/www.danafid.ch\/","title":{"rendered":"Home"},"content":{"rendered":"\n<p>La nostra societ\u00e0 \u00e8 attiva a Lugano dal 1978.<\/p>\n\n\n\n<p>Lavoriamo con la massima riservatezza e professionalit\u00e0 per garantire ai nostri clienti un servizio su misura secondo le sue necessit\u00e0. (calibrati)<\/p>\n\n\n\n<p>Siamo abilitati come Studio Fiduciario a livello svizzero, con Diploma di Fiduciario Commercialista a livello Federale.<\/p>\n","protected":false},"excerpt":{"rendered":"<p>La nostra societ\u00e0 \u00e8 attiva a Lugano dal 1978. Lavoriamo con la massima riservatezza e professionalit\u00e0 per garantire ai nostri clienti un servizio su misura secondo le sue necessit\u00e0. (calibrati) Siamo abilitati come Studio Fiduciario a livello svizzero, con Diploma di Fiduciario Commercialista a livello Federale.<\/p>\n","protected":false},"author":1,"featured_media":0,"parent":0,"menu_order":2,"comment_status":"closed","ping_status":"closed","template":"","meta":{"footnotes":""},"class_list":["post-16","page","type-page","status-publish","hentry"],"_links":{"self":[{"href":"https:\/\/www.danafid.ch\/index.php?rest_route=\/wp\/v2\/pages\/16","targetHints":{"allow":["GET"]}}],"collection":[{"href":"https:\/\/www.danafid.ch\/index.php?rest_route=\/wp\/v2\/pages"}],"about":[{"href":"https:\/\/www.danafid.ch\/index.php?rest_route=\/wp\/v2\/types\/page"}],"author":[{"embeddable":true,"href":"https:\/\/www.danafid.ch\/index.php?rest_route=\/wp\/v2\/users\/1"}],"replies":[{"embeddable":true,"href":"https:\/\/www.danafid.ch\/index.php?rest_route=%2Fwp%2Fv2%2Fcomments&post=16"}],"version-history":[{"count":1,"href":"https:\/\/www.danafid.ch\/index.php?rest_route=\/wp\/v2\/pages\/16\/revisions"}],"predecessor-version":[{"id":18,"href":"https:\/\/www.danafid.ch\/index.php?rest_route=\/wp\/v2\/pages\/16\/revisions\/18"}],"wp:attachment":[{"href":"https:\/\/www.danafid.ch\/index.php?rest_route=%2Fwp%2Fv2%2Fmedia&parent=16"}],"curies":[{"name":"wp","href":"https:\/\/api.w.org\/{rel}","templated":true}]}}